{"id":33,"date":"2015-03-13T16:38:27","date_gmt":"2015-03-13T16:38:27","guid":{"rendered":"http:\/\/hoffmann-bautenschutz.de\/?page_id=33"},"modified":"2015-03-17T09:57:09","modified_gmt":"2015-03-17T09:57:09","slug":"dach","status":"publish","type":"page","link":"https:\/\/hoffmann-bautenschutz.de\/?page_id=33","title":{"rendered":"Dachd\u00e4mmung und Sanierung"},"content":{"rendered":"<h1>Dachd\u00e4mmung sch\u00fctzt vor Energieverlust<\/h1>\n<p>\u00dcber Dach, Fassade und Keller eines unzureichend oder nicht ged\u00e4mmten Hauses gehen bis zu 70% der Energie verloren.<\/p>\n<p>Die Dachfl\u00e4chen haben hieran den gr\u00f6\u00dften Anteil &#8211; \u00fcber ein unzureichend ged\u00e4mmtes Dach entweicht bis zu 30% der W\u00e4rme aus dem Inneren des Geb\u00e4udes nach au\u00dfen. Das bedeutet, dass ein Drittel der aufgewendeten Energie zur Beheizung der R\u00e4umlichkeiten verlorengeht. Demnach ist ein Drittel der Heizkostenabrechnung umsonst bezahlt!<\/p>\n<p>Gerade D\u00e4cher von \u00e4lteren H\u00e4usern sind oft schlecht ged\u00e4mmt. Im schlechtesten Fall sind sie sogar ganz ohne D\u00e4mmung. Die Sanierung solcher D\u00e4cher ist vielschichtig &#8211; ist doch kein Dach wie das andere! Je nach vorgefundener Dachkonstruktion kann Ihnen der Fachmann die bestm\u00f6gliche wirtschaftliche D\u00e4mml\u00f6sung aufzeigen.<\/p>\n<h1>Konstruktionsbeispiele von D\u00e4chern<\/h1>\n<p>Im Folgenden stellen wir eine Auswahl der h\u00e4ufigsten in Deutschland hergestellten Dachkonstruktionen von Steil- und Flachd\u00e4chernvor und zeigen, mit welchem D\u00e4mmsystem nachtr\u00e4glich isoliert werden kann und welche Produkte daf\u00fcr geeignet sind.<\/p>\n<ul>\n<li>Dachschr\u00e4gend\u00e4mmung f\u00fcr ausgebaute Steild\u00e4cher<br \/>\nDacheindeckung und Innenausbau bleiben unber\u00fchrt.<br \/>\nVerfahren: D\u00e4mmsack\/Dachschr\u00e4ge<\/li>\n<li>D\u00e4mmung von Flachd\u00e4chern und schwach geneigten D\u00e4chern<br \/>\nF\u00fcr Bungalows, Reihenh\u00e4user und Hochh\u00e4user<\/li>\n<li>Dachschr\u00e4gend\u00e4mmung bei vorhandener Unterdeckbahn<br \/>\nDacheindeckung und innere Bekleidung bleiben stehen<\/li>\n<li>Zwischensparren- + Aufsparrend\u00e4mmung von ausgebauten Steild\u00e4chern<br \/>\nDacheindeckung wird erneuert, der Innenausbau bleibt unber\u00fchrt<\/li>\n<li>Innenseitige D\u00e4mmung von ausgebauten D\u00e4chern<br \/>\nDacheindeckung bleibt unber\u00fchrt, die innere Bekleidung wird ver\u00e4ndert<\/li>\n<li>Optimale nachtr\u00e4gliche D\u00e4mmung von nicht ausgebauten Spitzb\u00f6den<br \/>\nDacheindeckung bleibt bestehen, neuer Innenausbau<\/li>\n<li>Drempeld\u00e4mmung<br \/>\nF\u00fcr schwer zug\u00e4ngliche Bereiche eignet sich das Einblasd\u00e4mmsystem<\/li>\n<\/ul>\n<p>Gerne beraten wir Sie auch ausf\u00fchrlicher zu speziellen Gegenheiten an Ihrem Geb\u00e4ude, zu D\u00e4mmstoffen und Preisen. Rufen Sie uns einfach an oder senden Sie uns Ihre Frage \u00fcber unser Anfrageformular.<\/p>\n<h1>D\u00e4mmung oberhalb der Sparren &#8211; Aufsparrd\u00e4mmung<\/h1>\n<p>Voraussetzung f\u00fcr diese Konstruktion ist die Demontage der gesamten Dacheindeckung. Sie bietet sich vor allem an, wenn defekte Dacheindeckungen vollst\u00e4ndig erneuert werden m\u00fcssen.<\/p>\n<p><img decoding=\"async\" src=\"https:\/\/hoffmann-bautenschutz.de\/wp-content\/uploads\/2015\/03\/Fotolia_61961738_M-e1426584471897.jpg\" alt=\"isolare il tetto\" width=\"100%\" class=\"alignnone wp-image-28\" srcset=\"https:\/\/hoffmann-bautenschutz.de\/wp-content\/uploads\/2015\/03\/Fotolia_61961738_M-e1426584471897.jpg 1588w, https:\/\/hoffmann-bautenschutz.de\/wp-content\/uploads\/2015\/03\/Fotolia_61961738_M-e1426584471897-300x110.jpg 300w, https:\/\/hoffmann-bautenschutz.de\/wp-content\/uploads\/2015\/03\/Fotolia_61961738_M-e1426584471897-1024x375.jpg 1024w, https:\/\/hoffmann-bautenschutz.de\/wp-content\/uploads\/2015\/03\/Fotolia_61961738_M-e1426584471897-980x359.jpg 980w\" sizes=\"(max-width: 1588px) 100vw, 1588px\" \/><\/p>\n<h1>D\u00e4mmung zwischen den Sparren &#8211; Zwischensparrend\u00e4mmung<\/h1>\n<p>Die Zwischensparrend\u00e4mmung eignet sowohl f\u00fcr die nachtr\u00e4gliche W\u00e4rmed\u00e4mmung bisher unverkleideter Dachkonstruktionen, bei denen die Eindeckung erhalten bleibt, als auch f\u00fcr unterseitig verkleidete Dachkonstruktion, bei denen die Eindeckung erneuert wird.<\/p>\n<p><img decoding=\"async\" src=\"https:\/\/hoffmann-bautenschutz.de\/wp-content\/uploads\/2015\/03\/Fotolia_73871305_M-e1426584856997.jpg\" alt=\"Zwischensparrend\u00e4mmung\" width=\"100%\" class=\"alignnone wp-image-28\" \/><\/p>\n<h1>Steildachschutz<\/h1>\n<p>Das Steildach sch\u00fctzt durch seinen sorgf\u00e4ltig abgestimmten Aufbau vor den Einfl\u00fcssen der Witterung und tr\u00e4gt bei entsprechender W\u00e4rmed\u00e4mmung zur Energieeinsparung bei. Es bietet individuelle Gestaltungsm\u00f6glichkeiten ganz nach Ihren Vorstellungen und erm\u00f6glicht Ihnen behagliches Wohnen im Raum unter dem Dach.<\/p>\n<p>Ihr Steildach ist rund um die Uhr der Witterung ausgesetzt. Durch Niederschl\u00e4ge, Hitze, Frost und Sturm unterliegt es starken physikalischen Belastungen. Zus\u00e4tzlich wird durch die st\u00e4ndig steigende Umweltbelastung die \u00e4u\u00dfere Schicht des Daches angegriffen. Auf die Dauer k\u00f6nnen so durch den t\u00e4glichen Ansturm der Naturgewalt kleine Sch\u00e4den entstehen, die kaum ins Auge fallen.<\/p>\n<p>Gerne bieten wir Ihnen eine regelm\u00e4\u00dfige, fachgerechte \u00dcberpr\u00fcfung des Daches an.<\/p>\n<p><img decoding=\"async\" src=\"https:\/\/hoffmann-bautenschutz.de\/wp-content\/uploads\/2015\/03\/Fotolia_35349104_M-e1426584969438.jpg\" alt=\"Steildach\" width=\"100%\" class=\"alignnone wp-image-28\" \/><\/p>\n<h1>Flachdachsanierung<\/h1>\n<p>Schon bei der Analyse des Dachzustandes ist viel Erfahrung und Sachverstand gefragt. Dies gilt umso mehr f\u00fcr die Entwicklung von wirtschaftlichen Sanierungsl\u00f6sungen. Dabei sind selbstverst\u00e4ndlich alle Normen und Fachregeln ebenso zu ber\u00fccksichtigen wie die Anforderungen, die sich aus der weiteren Nutzung von Geb\u00e4ude und Dach ergeben. F\u00fcr Flachdachsanierung gibt es keine einfachen Patentl\u00f6sungen. Kleinere Sch\u00e4den k\u00f6nnen mit Einzelma\u00dfnahmen oft einfach und kostensparend behoben werden. Die Erfahrung lehrt jedoch, dass die Notwendigkeit kleinerer Ausbesserungen mit der Zeit in immer k\u00fcrzeren Abst\u00e4nden auftritt. Daher sollte immer in Betracht gezogen werden, ob eine komplette Flachdachsanierung im jeweiligen Fall doch die wirtschaftliche L\u00f6sung darstellt.<\/p>\n<p><img decoding=\"async\" src=\"https:\/\/hoffmann-bautenschutz.de\/wp-content\/uploads\/2015\/03\/Fotolia_40691645_M-e1426585025924.jpg\" alt=\"Flachdachsanierung\" width=\"100%\" class=\"alignnone wp-image-28\" \/><\/p>\n","protected":false},"excerpt":{"rendered":"<p>Dachd\u00e4mmung sch\u00fctzt vor Energieverlust \u00dcber Dach, Fassade und Keller eines unzureichend oder nicht ged\u00e4mmten Hauses gehen bis zu 70% der Energie verloren. Die Dachfl\u00e4chen haben hieran den gr\u00f6\u00dften Anteil &#8211;&#8230; <a class=\"read-more-button\" href=\"https:\/\/hoffmann-bautenschutz.de\/?page_id=33\">Read more &gt;<\/a><\/p>\n","protected":false},"author":1,"featured_media":29,"parent":9,"menu_order":0,"comment_status":"closed","ping_status":"closed","template":"template-full-width.php","meta":{"_vp_format_video_url":"","_vp_image_focal_point":[],"footnotes":""},"class_list":["post-33","page","type-page","status-publish","has-post-thumbnail","hentry"],"_links":{"self":[{"href":"https:\/\/hoffmann-bautenschutz.de\/index.php?rest_route=\/wp\/v2\/pages\/33","targetHints":{"allow":["GET"]}}],"collection":[{"href":"https:\/\/hoffmann-bautenschutz.de\/index.php?rest_route=\/wp\/v2\/pages"}],"about":[{"href":"https:\/\/hoffmann-bautenschutz.de\/index.php?rest_route=\/wp\/v2\/types\/page"}],"author":[{"embeddable":true,"href":"https:\/\/hoffmann-bautenschutz.de\/index.php?rest_route=\/wp\/v2\/users\/1"}],"replies":[{"embeddable":true,"href":"https:\/\/hoffmann-bautenschutz.de\/index.php?rest_route=%2Fwp%2Fv2%2Fcomments&post=33"}],"version-history":[{"count":13,"href":"https:\/\/hoffmann-bautenschutz.de\/index.php?rest_route=\/wp\/v2\/pages\/33\/revisions"}],"predecessor-version":[{"id":56,"href":"https:\/\/hoffmann-bautenschutz.de\/index.php?rest_route=\/wp\/v2\/pages\/33\/revisions\/56"}],"up":[{"embeddable":true,"href":"https:\/\/hoffmann-bautenschutz.de\/index.php?rest_route=\/wp\/v2\/pages\/9"}],"wp:featuredmedia":[{"embeddable":true,"href":"https:\/\/hoffmann-bautenschutz.de\/index.php?rest_route=\/wp\/v2\/media\/29"}],"wp:attachment":[{"href":"https:\/\/hoffmann-bautenschutz.de\/index.php?rest_route=%2Fwp%2Fv2%2Fmedia&parent=33"}],"curies":[{"name":"wp","href":"https:\/\/api.w.org\/{rel}","templated":true}]}}